{"id":3249,"date":"2023-08-04T15:07:14","date_gmt":"2023-08-04T15:07:14","guid":{"rendered":"https:\/\/maxsi.de\/?page_id=3249"},"modified":"2023-08-06T19:55:12","modified_gmt":"2023-08-06T19:55:12","slug":"bmw-e81e87","status":"publish","type":"page","link":"https:\/\/maxsi.de\/?page_id=3249","title":{"rendered":"BMW E81, E82, E87, E88"},"content":{"rendered":"<div id=\"pl-3249\"  class=\"panel-layout\" ><div id=\"pg-3249-0\"  class=\"panel-grid panel-has-style\" ><div style=\"padding: 1px 0; color: #4f4f4f;\" data-container=\"container-fluid\" data-hascolor=\"hascolor\" class=\"panel-row-style panel-row-style-for-3249-0\" ><div id=\"pgc-3249-0-0\"  class=\"panel-grid-cell\" ><div id=\"panel-3249-0-0-0\" class=\"so-panel widget widget_media_image panel-first-child\" data-index=\"0\" ><div class=\"justify-left panel-widget-style panel-widget-style-for-3249-0-0-0\" style=\"text-align: left;\" data-title-color=\"#443f3f\" ><img loading=\"lazy\" decoding=\"async\" width=\"1255\" height=\"509\" src=\"https:\/\/maxsi.de\/wp-content\/uploads\/2023\/08\/Titelbild.jpg\" class=\"image wp-image-3262  attachment-full size-full\" alt=\"\" style=\"max-width: 100%; height: auto;\" srcset=\"https:\/\/maxsi.de\/wp-content\/uploads\/2023\/08\/Titelbild.jpg 1255w, https:\/\/maxsi.de\/wp-content\/uploads\/2023\/08\/Titelbild-300x122.jpg 300w, https:\/\/maxsi.de\/wp-content\/uploads\/2023\/08\/Titelbild-1024x415.jpg 1024w, https:\/\/maxsi.de\/wp-content\/uploads\/2023\/08\/Titelbild-768x311.jpg 768w\" sizes=\"(max-width: 1255px) 100vw, 1255px\" \/><\/div><\/div><div id=\"panel-3249-0-0-1\" class=\"so-panel widget widget_text panel-last-child\" data-index=\"1\" ><div class=\"justify-left panel-widget-style panel-widget-style-for-3249-0-0-1\" style=\"text-align: left;\" data-title-color=\"#443f3f\" >\t\t\t<div class=\"textwidget\"><style>.wp-show-posts-columns#wpsp-3270 {margin-left: -2em; }.wp-show-posts-columns#wpsp-3270 .wp-show-posts-inner {margin: 0 0 2em 2em; }<\/style><section id=\"wpsp-3270\" class=\" wp-show-posts-columns wp-show-posts\" style=\"\"><article class=\" wp-show-posts-single post-2693 post type-post status-publish format-standard has-post-thumbnail hentry category-bmw-e81-e82-e87-e88 category-bmw-e81-e82-e87-e88-nachruesten wpsp-col-4\" itemtype=\"http:\/\/schema.org\/CreativeWork\" itemscope><div class=\"wp-show-posts-inner\" style=\"\">\t\t<div class=\"wp-show-posts-image  wpsp-image-center \">\n\t\t\t<a href=\"https:\/\/maxsi.de\/?p=2693\"  title=\"Ambientebeleuchtung nachr\u00fcsten\">\t\t\t\t\t<img decoding=\"async\" src=\"https:\/\/maxsi.de\/wp-content\/uploads\/2022\/06\/1-250x250.jpg\" alt=\"Ambientebeleuchtung nachr\u00fcsten\" itemprop=\"image\" class=\"center\" \/>\n\t\t\t\t<\/a>\t\t<\/div>\n\t\t\t\t\t\t\t\t<header class=\"wp-show-posts-entry-header\">\n\t\t\t\t\t\t\t<h5 class=\"wp-show-posts-entry-title\" itemprop=\"headline\"><a href=\"https:\/\/maxsi.de\/?p=2693\" rel=\"bookmark\">Ambientebeleuchtung nachr\u00fcsten<\/a><\/h5>\t\t\t\t\t\t<\/header><!-- .entry-header -->\n\t\t\t\t\t<\/div><!-- wp-show-posts-inner --><\/article><article class=\" wp-show-posts-single post-3265 post type-post status-publish format-standard has-post-thumbnail hentry category-bmw-e81-e82-e87-e88 category-bmw-e81-e82-e87-e88-nachruesten wpsp-col-4\" itemtype=\"http:\/\/schema.org\/CreativeWork\" itemscope><div class=\"wp-show-posts-inner\" style=\"\">\t\t<div class=\"wp-show-posts-image  wpsp-image-center \">\n\t\t\t<a href=\"https:\/\/maxsi.de\/?p=3265\"  title=\"LED R\u00fcckleuchten nachr\u00fcsten\">\t\t\t\t\t<img decoding=\"async\" src=\"https:\/\/maxsi.de\/wp-content\/uploads\/2023\/08\/1-Beitragsbild-250x250.jpg\" alt=\"LED R\u00fcckleuchten nachr\u00fcsten\" itemprop=\"image\" class=\"center\" \/>\n\t\t\t\t<\/a>\t\t<\/div>\n\t\t\t\t\t\t\t\t<header class=\"wp-show-posts-entry-header\">\n\t\t\t\t\t\t\t<h5 class=\"wp-show-posts-entry-title\" itemprop=\"headline\"><a href=\"https:\/\/maxsi.de\/?p=3265\" rel=\"bookmark\">LED R\u00fcckleuchten nachr\u00fcsten<\/a><\/h5>\t\t\t\t\t\t<\/header><!-- .entry-header -->\n\t\t\t\t\t<\/div><!-- wp-show-posts-inner --><\/article><div class=\"wpsp-clear\"><\/div><\/section><!-- .wp-show-posts -->\n<\/div>\n\t\t<\/div><\/div><\/div><\/div><\/div><\/div>","protected":false},"excerpt":{"rendered":"<p>Ambientebeleuchtung nachr\u00fcsten LED R\u00fcckleuchten nachr\u00fcsten<\/p>","protected":false},"author":2,"featured_media":0,"parent":0,"menu_order":0,"comment_status":"closed","ping_status":"closed","template":"","meta":{"footnotes":""},"_links":{"self":[{"href":"https:\/\/maxsi.de\/index.php?rest_route=\/wp\/v2\/pages\/3249"}],"collection":[{"href":"https:\/\/maxsi.de\/index.php?rest_route=\/wp\/v2\/pages"}],"about":[{"href":"https:\/\/maxsi.de\/index.php?rest_route=\/wp\/v2\/types\/page"}],"author":[{"embeddable":true,"href":"https:\/\/maxsi.de\/index.php?rest_route=\/wp\/v2\/users\/2"}],"replies":[{"embeddable":true,"href":"https:\/\/maxsi.de\/index.php?rest_route=%2Fwp%2Fv2%2Fcomments&post=3249"}],"version-history":[{"count":13,"href":"https:\/\/maxsi.de\/index.php?rest_route=\/wp\/v2\/pages\/3249\/revisions"}],"predecessor-version":[{"id":3328,"href":"https:\/\/maxsi.de\/index.php?rest_route=\/wp\/v2\/pages\/3249\/revisions\/3328"}],"wp:attachment":[{"href":"https:\/\/maxsi.de\/index.php?rest_route=%2Fwp%2Fv2%2Fmedia&parent=3249"}],"curies":[{"name":"wp","href":"https:\/\/api.w.org\/{rel}","templated":true}]}}