{"id":32,"date":"2019-12-20T19:38:52","date_gmt":"2019-12-20T19:38:52","guid":{"rendered":"http:\/\/maxsi.de\/?page_id=32"},"modified":"2023-06-13T14:39:36","modified_gmt":"2023-06-13T14:39:36","slug":"mein-astra-g-projekt","status":"publish","type":"page","link":"https:\/\/maxsi.de\/?page_id=32","title":{"rendered":"Opel Astra G"},"content":{"rendered":"<div id=\"pl-32\"  class=\"panel-layout\" ><div id=\"pg-32-0\"  class=\"panel-grid panel-has-style\" ><div style=\"padding: 10px 0; color: #000000;\" data-container=\"container-fluid\" data-hascolor=\"hascolor\" class=\"panel-row-style panel-row-style-for-32-0\" ><div id=\"pgc-32-0-0\"  class=\"panel-grid-cell\" ><div id=\"panel-32-0-0-0\" class=\"so-panel widget widget_media_image panel-first-child\" data-index=\"0\" ><div class=\"justify-left panel-widget-style panel-widget-style-for-32-0-0-0\" style=\"text-align: left;\" data-title-color=\"#000000\" ><img loading=\"lazy\" decoding=\"async\" width=\"2560\" height=\"1406\" src=\"https:\/\/maxsi.de\/wp-content\/uploads\/2023\/06\/Titelbild-scaled.jpg\" class=\"image wp-image-3215  attachment-full size-full\" alt=\"\" style=\"max-width: 100%; height: auto;\" srcset=\"https:\/\/maxsi.de\/wp-content\/uploads\/2023\/06\/Titelbild-scaled.jpg 2560w, https:\/\/maxsi.de\/wp-content\/uploads\/2023\/06\/Titelbild-300x165.jpg 300w, https:\/\/maxsi.de\/wp-content\/uploads\/2023\/06\/Titelbild-1024x562.jpg 1024w, https:\/\/maxsi.de\/wp-content\/uploads\/2023\/06\/Titelbild-768x422.jpg 768w, https:\/\/maxsi.de\/wp-content\/uploads\/2023\/06\/Titelbild-1536x844.jpg 1536w, https:\/\/maxsi.de\/wp-content\/uploads\/2023\/06\/Titelbild-2048x1125.jpg 2048w\" sizes=\"(max-width: 2560px) 100vw, 2560px\" \/><\/div><\/div><div id=\"panel-32-0-0-1\" class=\"so-panel widget widget_text panel-last-child\" data-index=\"1\" ><div class=\"justify-left panel-widget-style panel-widget-style-for-32-0-0-1\" style=\"text-align: left;\" data-title-color=\"#000000\" >\t\t\t<div class=\"textwidget\"><style>.wp-show-posts-columns#wpsp-2321 {margin-left: -2em; }.wp-show-posts-columns#wpsp-2321 .wp-show-posts-inner {margin: 0 0 2em 2em; }<\/style><section id=\"wpsp-2321\" class=\" wp-show-posts-columns wp-show-posts\" style=\"\"><article class=\" wp-show-posts-single post-76 post type-post status-publish format-standard has-post-thumbnail hentry category-led-umbau category-opel-astra-g wpsp-col-4\" itemtype=\"http:\/\/schema.org\/CreativeWork\" itemscope><div class=\"wp-show-posts-inner\" style=\"\">\t\t<div class=\"wp-show-posts-image  wpsp-image-center \">\n\t\t\t<a href=\"https:\/\/maxsi.de\/?p=76\"  title=\"Astra G LED Umbau\"><img loading=\"lazy\" decoding=\"async\" width=\"1202\" height=\"1201\" src=\"https:\/\/maxsi.de\/wp-content\/uploads\/2022\/01\/1-Beitragsbild-5.jpeg\" class=\"attachment-full size-full wp-post-image\" alt=\"\" itemprop=\"image\" srcset=\"https:\/\/maxsi.de\/wp-content\/uploads\/2022\/01\/1-Beitragsbild-5.jpeg 1202w, https:\/\/maxsi.de\/wp-content\/uploads\/2022\/01\/1-Beitragsbild-5-300x300.jpeg 300w, https:\/\/maxsi.de\/wp-content\/uploads\/2022\/01\/1-Beitragsbild-5-1024x1024.jpeg 1024w, https:\/\/maxsi.de\/wp-content\/uploads\/2022\/01\/1-Beitragsbild-5-150x150.jpeg 150w, https:\/\/maxsi.de\/wp-content\/uploads\/2022\/01\/1-Beitragsbild-5-768x767.jpeg 768w\" sizes=\"(max-width: 1202px) 100vw, 1202px\" \/><\/a>\t\t<\/div>\n\t\t\t\t\t\t\t\t<header class=\"wp-show-posts-entry-header\">\n\t\t\t\t\t\t\t<h5 class=\"wp-show-posts-entry-title\" itemprop=\"headline\"><a href=\"https:\/\/maxsi.de\/?p=76\" rel=\"bookmark\">Astra G LED Umbau<\/a><\/h5>\t\t\t\t\t\t<\/header><!-- .entry-header -->\n\t\t\t\t\t<\/div><!-- wp-show-posts-inner --><\/article><article class=\" wp-show-posts-single post-106 post type-post status-publish format-standard has-post-thumbnail hentry category-opel-astra-g category-opel-astra-g-nachgeruestet wpsp-col-4\" itemtype=\"http:\/\/schema.org\/CreativeWork\" itemscope><div class=\"wp-show-posts-inner\" style=\"\">\t\t<div class=\"wp-show-posts-image  wpsp-image-center \">\n\t\t\t<a href=\"https:\/\/maxsi.de\/?p=106\"  title=\"Xenonscheinwerfer nachr\u00fcsten\"><img loading=\"lazy\" decoding=\"async\" width=\"2560\" height=\"2560\" src=\"https:\/\/maxsi.de\/wp-content\/uploads\/2022\/01\/IMG_8591-scaled.jpg\" class=\"attachment-full size-full wp-post-image\" alt=\"\" itemprop=\"image\" srcset=\"https:\/\/maxsi.de\/wp-content\/uploads\/2022\/01\/IMG_8591-scaled.jpg 2560w, https:\/\/maxsi.de\/wp-content\/uploads\/2022\/01\/IMG_8591-300x300.jpg 300w, https:\/\/maxsi.de\/wp-content\/uploads\/2022\/01\/IMG_8591-1024x1024.jpg 1024w, https:\/\/maxsi.de\/wp-content\/uploads\/2022\/01\/IMG_8591-150x150.jpg 150w, https:\/\/maxsi.de\/wp-content\/uploads\/2022\/01\/IMG_8591-768x768.jpg 768w, https:\/\/maxsi.de\/wp-content\/uploads\/2022\/01\/IMG_8591-1536x1536.jpg 1536w, https:\/\/maxsi.de\/wp-content\/uploads\/2022\/01\/IMG_8591-2048x2048.jpg 2048w\" sizes=\"(max-width: 2560px) 100vw, 2560px\" \/><\/a>\t\t<\/div>\n\t\t\t\t\t\t\t\t<header class=\"wp-show-posts-entry-header\">\n\t\t\t\t\t\t\t<h5 class=\"wp-show-posts-entry-title\" itemprop=\"headline\"><a href=\"https:\/\/maxsi.de\/?p=106\" rel=\"bookmark\">Xenonscheinwerfer nachr\u00fcsten<\/a><\/h5>\t\t\t\t\t\t<\/header><!-- .entry-header -->\n\t\t\t\t\t<\/div><!-- wp-show-posts-inner --><\/article><article class=\" wp-show-posts-single post-2302 post type-post status-publish format-standard has-post-thumbnail hentry category-opel-astra-g category-opel-astra-g-nachgeruestet wpsp-col-4\" itemtype=\"http:\/\/schema.org\/CreativeWork\" itemscope><div class=\"wp-show-posts-inner\" style=\"\">\t\t<div class=\"wp-show-posts-image  wpsp-image-center \">\n\t\t\t<a href=\"https:\/\/maxsi.de\/?p=2302\"  title=\"Umfeldbeleuchtung nachr\u00fcsten\"><img loading=\"lazy\" decoding=\"async\" width=\"647\" height=\"647\" src=\"https:\/\/maxsi.de\/wp-content\/uploads\/2022\/01\/1-Beitragsbild.jpeg\" class=\"attachment-full size-full wp-post-image\" alt=\"\" itemprop=\"image\" srcset=\"https:\/\/maxsi.de\/wp-content\/uploads\/2022\/01\/1-Beitragsbild.jpeg 647w, https:\/\/maxsi.de\/wp-content\/uploads\/2022\/01\/1-Beitragsbild-300x300.jpeg 300w, https:\/\/maxsi.de\/wp-content\/uploads\/2022\/01\/1-Beitragsbild-150x150.jpeg 150w\" sizes=\"(max-width: 647px) 100vw, 647px\" \/><\/a>\t\t<\/div>\n\t\t\t\t\t\t\t\t<header class=\"wp-show-posts-entry-header\">\n\t\t\t\t\t\t\t<h5 class=\"wp-show-posts-entry-title\" itemprop=\"headline\"><a href=\"https:\/\/maxsi.de\/?p=2302\" rel=\"bookmark\">Umfeldbeleuchtung nachr\u00fcsten<\/a><\/h5>\t\t\t\t\t\t<\/header><!-- .entry-header -->\n\t\t\t\t\t<\/div><!-- wp-show-posts-inner --><\/article><article class=\" wp-show-posts-single post-132 post type-post status-publish format-standard has-post-thumbnail hentry category-opel-astra-g category-opel-astra-g-nachgeruestet wpsp-col-4\" itemtype=\"http:\/\/schema.org\/CreativeWork\" itemscope><div class=\"wp-show-posts-inner\" style=\"\">\t\t<div class=\"wp-show-posts-image  wpsp-image-center \">\n\t\t\t<a href=\"https:\/\/maxsi.de\/?p=132\"  title=\"Sitzheizung nachr\u00fcsten\"><img loading=\"lazy\" decoding=\"async\" width=\"1650\" height=\"1649\" src=\"https:\/\/maxsi.de\/wp-content\/uploads\/2022\/01\/IMG_7719-1.jpg\" class=\"attachment-full size-full wp-post-image\" alt=\"\" itemprop=\"image\" srcset=\"https:\/\/maxsi.de\/wp-content\/uploads\/2022\/01\/IMG_7719-1.jpg 1650w, https:\/\/maxsi.de\/wp-content\/uploads\/2022\/01\/IMG_7719-1-300x300.jpg 300w, https:\/\/maxsi.de\/wp-content\/uploads\/2022\/01\/IMG_7719-1-1024x1024.jpg 1024w, https:\/\/maxsi.de\/wp-content\/uploads\/2022\/01\/IMG_7719-1-150x150.jpg 150w, https:\/\/maxsi.de\/wp-content\/uploads\/2022\/01\/IMG_7719-1-768x768.jpg 768w, https:\/\/maxsi.de\/wp-content\/uploads\/2022\/01\/IMG_7719-1-1536x1536.jpg 1536w\" sizes=\"(max-width: 1650px) 100vw, 1650px\" \/><\/a>\t\t<\/div>\n\t\t\t\t\t\t\t\t<header class=\"wp-show-posts-entry-header\">\n\t\t\t\t\t\t\t<h5 class=\"wp-show-posts-entry-title\" itemprop=\"headline\"><a href=\"https:\/\/maxsi.de\/?p=132\" rel=\"bookmark\">Sitzheizung nachr\u00fcsten<\/a><\/h5>\t\t\t\t\t\t<\/header><!-- .entry-header -->\n\t\t\t\t\t<\/div><!-- wp-show-posts-inner --><\/article><article class=\" wp-show-posts-single post-71 post type-post status-publish format-standard has-post-thumbnail hentry category-opel-astra-g category-opel-astra-g-nachgeruestet wpsp-col-4\" itemtype=\"http:\/\/schema.org\/CreativeWork\" itemscope><div class=\"wp-show-posts-inner\" style=\"\">\t\t<div class=\"wp-show-posts-image  wpsp-image-center \">\n\t\t\t<a href=\"https:\/\/maxsi.de\/?p=71\"  title=\"Tempomat nachr\u00fcsten\"><img loading=\"lazy\" decoding=\"async\" width=\"890\" height=\"891\" src=\"https:\/\/maxsi.de\/wp-content\/uploads\/2022\/01\/1-Beitragsbild-3.jpg\" class=\"attachment-full size-full wp-post-image\" alt=\"\" itemprop=\"image\" srcset=\"https:\/\/maxsi.de\/wp-content\/uploads\/2022\/01\/1-Beitragsbild-3.jpg 890w, https:\/\/maxsi.de\/wp-content\/uploads\/2022\/01\/1-Beitragsbild-3-300x300.jpg 300w, https:\/\/maxsi.de\/wp-content\/uploads\/2022\/01\/1-Beitragsbild-3-150x150.jpg 150w, https:\/\/maxsi.de\/wp-content\/uploads\/2022\/01\/1-Beitragsbild-3-768x769.jpg 768w\" sizes=\"(max-width: 890px) 100vw, 890px\" \/><\/a>\t\t<\/div>\n\t\t\t\t\t\t\t\t<header class=\"wp-show-posts-entry-header\">\n\t\t\t\t\t\t\t<h5 class=\"wp-show-posts-entry-title\" itemprop=\"headline\"><a href=\"https:\/\/maxsi.de\/?p=71\" rel=\"bookmark\">Tempomat nachr\u00fcsten<\/a><\/h5>\t\t\t\t\t\t<\/header><!-- .entry-header -->\n\t\t\t\t\t<\/div><!-- wp-show-posts-inner --><\/article><article class=\" wp-show-posts-single post-2309 post type-post status-publish format-standard has-post-thumbnail hentry category-opel-astra-g category-opel-astra-g-nachgeruestet wpsp-col-4\" itemtype=\"http:\/\/schema.org\/CreativeWork\" itemscope><div class=\"wp-show-posts-inner\" style=\"\">\t\t<div class=\"wp-show-posts-image  wpsp-image-center \">\n\t\t\t<a href=\"https:\/\/maxsi.de\/?p=2309\"  title=\"Nebelscheinwerfer nachr\u00fcsten\"><img loading=\"lazy\" decoding=\"async\" width=\"516\" height=\"516\" src=\"https:\/\/maxsi.de\/wp-content\/uploads\/2022\/01\/1-Beitragsbild-4.jpg\" class=\"attachment-full size-full wp-post-image\" alt=\"\" itemprop=\"image\" srcset=\"https:\/\/maxsi.de\/wp-content\/uploads\/2022\/01\/1-Beitragsbild-4.jpg 516w, https:\/\/maxsi.de\/wp-content\/uploads\/2022\/01\/1-Beitragsbild-4-300x300.jpg 300w, https:\/\/maxsi.de\/wp-content\/uploads\/2022\/01\/1-Beitragsbild-4-150x150.jpg 150w\" sizes=\"(max-width: 516px) 100vw, 516px\" \/><\/a>\t\t<\/div>\n\t\t\t\t\t\t\t\t<header class=\"wp-show-posts-entry-header\">\n\t\t\t\t\t\t\t<h5 class=\"wp-show-posts-entry-title\" itemprop=\"headline\"><a href=\"https:\/\/maxsi.de\/?p=2309\" rel=\"bookmark\">Nebelscheinwerfer nachr\u00fcsten<\/a><\/h5>\t\t\t\t\t\t<\/header><!-- .entry-header -->\n\t\t\t\t\t<\/div><!-- wp-show-posts-inner --><\/article><article class=\" wp-show-posts-single post-128 post type-post status-publish format-standard has-post-thumbnail hentry category-opel-astra-g category-opel-astra-g-nachgeruestet wpsp-col-4\" itemtype=\"http:\/\/schema.org\/CreativeWork\" itemscope><div class=\"wp-show-posts-inner\" style=\"\">\t\t<div class=\"wp-show-posts-image  wpsp-image-center \">\n\t\t\t<a href=\"https:\/\/maxsi.de\/?p=128\"  title=\"Automatisch abblendbarer Innenspiegel nachr\u00fcsten\"><img loading=\"lazy\" decoding=\"async\" width=\"2272\" height=\"2272\" src=\"https:\/\/maxsi.de\/wp-content\/uploads\/2022\/01\/IMG_7201-1.jpg\" class=\"attachment-full size-full wp-post-image\" alt=\"\" itemprop=\"image\" srcset=\"https:\/\/maxsi.de\/wp-content\/uploads\/2022\/01\/IMG_7201-1.jpg 2272w, https:\/\/maxsi.de\/wp-content\/uploads\/2022\/01\/IMG_7201-1-300x300.jpg 300w, https:\/\/maxsi.de\/wp-content\/uploads\/2022\/01\/IMG_7201-1-1024x1024.jpg 1024w, https:\/\/maxsi.de\/wp-content\/uploads\/2022\/01\/IMG_7201-1-150x150.jpg 150w, https:\/\/maxsi.de\/wp-content\/uploads\/2022\/01\/IMG_7201-1-768x768.jpg 768w, https:\/\/maxsi.de\/wp-content\/uploads\/2022\/01\/IMG_7201-1-1536x1536.jpg 1536w, https:\/\/maxsi.de\/wp-content\/uploads\/2022\/01\/IMG_7201-1-2048x2048.jpg 2048w\" sizes=\"(max-width: 2272px) 100vw, 2272px\" \/><\/a>\t\t<\/div>\n\t\t\t\t\t\t\t\t<header class=\"wp-show-posts-entry-header\">\n\t\t\t\t\t\t\t<h5 class=\"wp-show-posts-entry-title\" itemprop=\"headline\"><a href=\"https:\/\/maxsi.de\/?p=128\" rel=\"bookmark\">Automatisch abblendbarer Innenspiegel nachr\u00fcsten<\/a><\/h5>\t\t\t\t\t\t<\/header><!-- .entry-header -->\n\t\t\t\t\t<\/div><!-- wp-show-posts-inner --><\/article><article class=\" wp-show-posts-single post-148 post type-post status-publish format-standard has-post-thumbnail hentry category-opel-astra-g category-opel-astra-g-nachgeruestet wpsp-col-4\" itemtype=\"http:\/\/schema.org\/CreativeWork\" itemscope><div class=\"wp-show-posts-inner\" style=\"\">\t\t<div class=\"wp-show-posts-image  wpsp-image-center \">\n\t\t\t<a href=\"https:\/\/maxsi.de\/?p=148\"  title=\"Leseleuchten nachr\u00fcsten\"><img loading=\"lazy\" decoding=\"async\" width=\"1280\" height=\"914\" src=\"https:\/\/maxsi.de\/wp-content\/uploads\/2020\/01\/10-FSE.jpeg\" class=\"attachment-full size-full wp-post-image\" alt=\"\" itemprop=\"image\" srcset=\"https:\/\/maxsi.de\/wp-content\/uploads\/2020\/01\/10-FSE.jpeg 1280w, https:\/\/maxsi.de\/wp-content\/uploads\/2020\/01\/10-FSE-300x214.jpeg 300w, https:\/\/maxsi.de\/wp-content\/uploads\/2020\/01\/10-FSE-1024x731.jpeg 1024w, https:\/\/maxsi.de\/wp-content\/uploads\/2020\/01\/10-FSE-768x548.jpeg 768w\" sizes=\"(max-width: 1280px) 100vw, 1280px\" \/><\/a>\t\t<\/div>\n\t\t\t\t\t\t\t\t<header class=\"wp-show-posts-entry-header\">\n\t\t\t\t\t\t\t<h5 class=\"wp-show-posts-entry-title\" itemprop=\"headline\"><a href=\"https:\/\/maxsi.de\/?p=148\" rel=\"bookmark\">Leseleuchten nachr\u00fcsten<\/a><\/h5>\t\t\t\t\t\t<\/header><!-- .entry-header -->\n\t\t\t\t\t<\/div><!-- wp-show-posts-inner --><\/article><article class=\" wp-show-posts-single post-2326 post type-post status-publish format-standard has-post-thumbnail hentry category-opel-astra-g wpsp-col-4\" itemtype=\"http:\/\/schema.org\/CreativeWork\" itemscope><div class=\"wp-show-posts-inner\" style=\"\">\t\t<div class=\"wp-show-posts-image  wpsp-image-center \">\n\t\t\t<a href=\"https:\/\/maxsi.de\/?p=2326\"  title=\"Mein Astra G\"><img loading=\"lazy\" decoding=\"async\" width=\"2560\" height=\"2560\" src=\"https:\/\/maxsi.de\/wp-content\/uploads\/2022\/01\/1-Beitragsbild-5-scaled.jpg\" class=\"attachment-full size-full wp-post-image\" alt=\"\" itemprop=\"image\" srcset=\"https:\/\/maxsi.de\/wp-content\/uploads\/2022\/01\/1-Beitragsbild-5-scaled.jpg 2560w, https:\/\/maxsi.de\/wp-content\/uploads\/2022\/01\/1-Beitragsbild-5-300x300.jpg 300w, https:\/\/maxsi.de\/wp-content\/uploads\/2022\/01\/1-Beitragsbild-5-1024x1024.jpg 1024w, https:\/\/maxsi.de\/wp-content\/uploads\/2022\/01\/1-Beitragsbild-5-150x150.jpg 150w, https:\/\/maxsi.de\/wp-content\/uploads\/2022\/01\/1-Beitragsbild-5-768x768.jpg 768w, https:\/\/maxsi.de\/wp-content\/uploads\/2022\/01\/1-Beitragsbild-5-1536x1536.jpg 1536w, https:\/\/maxsi.de\/wp-content\/uploads\/2022\/01\/1-Beitragsbild-5-2048x2048.jpg 2048w\" sizes=\"(max-width: 2560px) 100vw, 2560px\" \/><\/a>\t\t<\/div>\n\t\t\t\t\t\t\t\t<header class=\"wp-show-posts-entry-header\">\n\t\t\t\t\t\t\t<h5 class=\"wp-show-posts-entry-title\" itemprop=\"headline\"><a href=\"https:\/\/maxsi.de\/?p=2326\" rel=\"bookmark\">Mein Astra G<\/a><\/h5>\t\t\t\t\t\t<\/header><!-- .entry-header -->\n\t\t\t\t\t<\/div><!-- wp-show-posts-inner --><\/article><div class=\"wpsp-clear\"><\/div><\/section><!-- .wp-show-posts -->\n<\/div>\n\t\t<\/div><\/div><\/div><\/div><\/div><\/div>","protected":false},"excerpt":{"rendered":"<p>Astra G LED Umbau Xenonscheinwerfer nachr\u00fcsten Umfeldbeleuchtung nachr\u00fcsten Sitzheizung nachr\u00fcsten Tempomat nachr\u00fcsten Nebelscheinwerfer nachr\u00fcsten Automatisch abblendbarer Innenspiegel nachr\u00fcsten ...<\/p>","protected":false},"author":2,"featured_media":0,"parent":0,"menu_order":0,"comment_status":"closed","ping_status":"closed","template":"","meta":{"footnotes":""},"_links":{"self":[{"href":"https:\/\/maxsi.de\/index.php?rest_route=\/wp\/v2\/pages\/32"}],"collection":[{"href":"https:\/\/maxsi.de\/index.php?rest_route=\/wp\/v2\/pages"}],"about":[{"href":"https:\/\/maxsi.de\/index.php?rest_route=\/wp\/v2\/types\/page"}],"author":[{"embeddable":true,"href":"https:\/\/maxsi.de\/index.php?rest_route=\/wp\/v2\/users\/2"}],"replies":[{"embeddable":true,"href":"https:\/\/maxsi.de\/index.php?rest_route=%2Fwp%2Fv2%2Fcomments&post=32"}],"version-history":[{"count":57,"href":"https:\/\/maxsi.de\/index.php?rest_route=\/wp\/v2\/pages\/32\/revisions"}],"predecessor-version":[{"id":3225,"href":"https:\/\/maxsi.de\/index.php?rest_route=\/wp\/v2\/pages\/32\/revisions\/3225"}],"wp:attachment":[{"href":"https:\/\/maxsi.de\/index.php?rest_route=%2Fwp%2Fv2%2Fmedia&parent=32"}],"curies":[{"name":"wp","href":"https:\/\/api.w.org\/{rel}","templated":true}]}}