{"id":1708,"date":"2021-11-07T20:50:59","date_gmt":"2021-11-07T20:50:59","guid":{"rendered":"https:\/\/maxsi.de\/?page_id=1708"},"modified":"2023-04-10T09:46:47","modified_gmt":"2023-04-10T09:46:47","slug":"golf-4","status":"publish","type":"page","link":"https:\/\/maxsi.de\/?page_id=1708","title":{"rendered":"VW Golf 4"},"content":{"rendered":"<div id=\"pl-1708\"  class=\"panel-layout\" ><div id=\"pg-1708-0\"  class=\"panel-grid panel-has-style\" ><div style=\"padding: 1px 0; color: #000000;\" data-container=\"container-fluid\" data-hascolor=\"hascolor\" class=\"panel-row-style panel-row-style-for-1708-0\" ><div id=\"pgc-1708-0-0\"  class=\"panel-grid-cell\" ><div id=\"panel-1708-0-0-0\" class=\"so-panel widget widget_media_image panel-first-child\" data-index=\"0\" ><div class=\"justify-left panel-widget-style panel-widget-style-for-1708-0-0-0\" style=\"text-align: left;\" data-title-color=\"#000000\" ><img loading=\"lazy\" decoding=\"async\" width=\"1740\" height=\"723\" src=\"https:\/\/maxsi.de\/wp-content\/uploads\/2022\/09\/TGDPE8685-1.jpg\" class=\"image wp-image-2830  attachment-full size-full\" alt=\"\" style=\"max-width: 100%; height: auto;\" srcset=\"https:\/\/maxsi.de\/wp-content\/uploads\/2022\/09\/TGDPE8685-1.jpg 1740w, https:\/\/maxsi.de\/wp-content\/uploads\/2022\/09\/TGDPE8685-1-300x125.jpg 300w, https:\/\/maxsi.de\/wp-content\/uploads\/2022\/09\/TGDPE8685-1-1024x425.jpg 1024w, https:\/\/maxsi.de\/wp-content\/uploads\/2022\/09\/TGDPE8685-1-768x319.jpg 768w, https:\/\/maxsi.de\/wp-content\/uploads\/2022\/09\/TGDPE8685-1-1536x638.jpg 1536w\" sizes=\"(max-width: 1740px) 100vw, 1740px\" \/><\/div><\/div><div id=\"panel-1708-0-0-1\" class=\"so-panel widget widget_text\" data-index=\"1\" ><div class=\"justify-left panel-widget-style panel-widget-style-for-1708-0-0-1\" style=\"text-align: left;\" data-title-color=\"#000000\" >\t\t\t<div class=\"textwidget\"><\/div>\n\t\t<\/div><\/div><div id=\"panel-1708-0-0-2\" class=\"so-panel widget widget_text panel-last-child\" data-index=\"2\" ><div class=\"justify-left panel-widget-style panel-widget-style-for-1708-0-0-2\" style=\"text-align: left;\" data-title-color=\"#000000\" >\t\t\t<div class=\"textwidget\"><style>.wp-show-posts-columns#wpsp-2351 {margin-left: -2em; }.wp-show-posts-columns#wpsp-2351 .wp-show-posts-inner {margin: 0 0 2em 2em; }<\/style><section id=\"wpsp-2351\" class=\" wp-show-posts-columns wp-show-posts\" style=\"\"><article class=\" wp-show-posts-single post-2336 post type-post status-publish format-standard has-post-thumbnail hentry category-vw-golf-4 category-vw-golf-4-nachgeruestet wpsp-col-4\" itemtype=\"http:\/\/schema.org\/CreativeWork\" itemscope><div class=\"wp-show-posts-inner\" style=\"\">\t\t<div class=\"wp-show-posts-image  wpsp-image-center \">\n\t\t\t<a href=\"https:\/\/maxsi.de\/?p=2336\"  title=\"Tempomat nachr\u00fcsten\"><img loading=\"lazy\" decoding=\"async\" width=\"641\" height=\"642\" src=\"https:\/\/maxsi.de\/wp-content\/uploads\/2022\/01\/1-Beitragsbild-4.jpeg\" class=\"attachment-full size-full wp-post-image\" alt=\"\" itemprop=\"image\" srcset=\"https:\/\/maxsi.de\/wp-content\/uploads\/2022\/01\/1-Beitragsbild-4.jpeg 641w, https:\/\/maxsi.de\/wp-content\/uploads\/2022\/01\/1-Beitragsbild-4-300x300.jpeg 300w, https:\/\/maxsi.de\/wp-content\/uploads\/2022\/01\/1-Beitragsbild-4-150x150.jpeg 150w\" sizes=\"(max-width: 641px) 100vw, 641px\" \/><\/a>\t\t<\/div>\n\t\t\t\t\t\t\t\t<header class=\"wp-show-posts-entry-header\">\n\t\t\t\t\t\t\t<h4 class=\"wp-show-posts-entry-title\" itemprop=\"headline\"><a href=\"https:\/\/maxsi.de\/?p=2336\" rel=\"bookmark\">Tempomat nachr\u00fcsten<\/a><\/h4>\t\t\t\t\t\t<\/header><!-- .entry-header -->\n\t\t\t\t\t<\/div><!-- wp-show-posts-inner --><\/article><article class=\" wp-show-posts-single post-2439 post type-post status-publish format-standard has-post-thumbnail hentry category-vw-golf-4 category-vw-golf-4-nachgeruestet wpsp-col-4\" itemtype=\"http:\/\/schema.org\/CreativeWork\" itemscope><div class=\"wp-show-posts-inner\" style=\"\">\t\t<div class=\"wp-show-posts-image  wpsp-image-center \">\n\t\t\t<a href=\"https:\/\/maxsi.de\/?p=2439\"  title=\"Nebelscheinwerfer nachr\u00fcsten\"><img loading=\"lazy\" decoding=\"async\" width=\"2560\" height=\"2560\" src=\"https:\/\/maxsi.de\/wp-content\/uploads\/2022\/01\/1-Beitragsbild-8-scaled.jpg\" class=\"attachment-full size-full wp-post-image\" alt=\"\" itemprop=\"image\" srcset=\"https:\/\/maxsi.de\/wp-content\/uploads\/2022\/01\/1-Beitragsbild-8-scaled.jpg 2560w, https:\/\/maxsi.de\/wp-content\/uploads\/2022\/01\/1-Beitragsbild-8-300x300.jpg 300w, https:\/\/maxsi.de\/wp-content\/uploads\/2022\/01\/1-Beitragsbild-8-1024x1024.jpg 1024w, https:\/\/maxsi.de\/wp-content\/uploads\/2022\/01\/1-Beitragsbild-8-150x150.jpg 150w, https:\/\/maxsi.de\/wp-content\/uploads\/2022\/01\/1-Beitragsbild-8-768x768.jpg 768w, https:\/\/maxsi.de\/wp-content\/uploads\/2022\/01\/1-Beitragsbild-8-1536x1536.jpg 1536w, https:\/\/maxsi.de\/wp-content\/uploads\/2022\/01\/1-Beitragsbild-8-2048x2048.jpg 2048w\" sizes=\"(max-width: 2560px) 100vw, 2560px\" \/><\/a>\t\t<\/div>\n\t\t\t\t\t\t\t\t<header class=\"wp-show-posts-entry-header\">\n\t\t\t\t\t\t\t<h4 class=\"wp-show-posts-entry-title\" itemprop=\"headline\"><a href=\"https:\/\/maxsi.de\/?p=2439\" rel=\"bookmark\">Nebelscheinwerfer nachr\u00fcsten<\/a><\/h4>\t\t\t\t\t\t<\/header><!-- .entry-header -->\n\t\t\t\t\t<\/div><!-- wp-show-posts-inner --><\/article><article class=\" wp-show-posts-single post-2343 post type-post status-publish format-standard has-post-thumbnail hentry category-vw-golf-4 category-vw-golf-4-nachgeruestet wpsp-col-4\" itemtype=\"http:\/\/schema.org\/CreativeWork\" itemscope><div class=\"wp-show-posts-inner\" style=\"\">\t\t<div class=\"wp-show-posts-image  wpsp-image-center \">\n\t\t\t<a href=\"https:\/\/maxsi.de\/?p=2343\"  title=\"Funk-ZV nachr\u00fcsten\"><img loading=\"lazy\" decoding=\"async\" width=\"2048\" height=\"2048\" src=\"https:\/\/maxsi.de\/wp-content\/uploads\/2022\/01\/1-Beitragsbild-3.jpeg\" class=\"attachment-full size-full wp-post-image\" alt=\"\" itemprop=\"image\" srcset=\"https:\/\/maxsi.de\/wp-content\/uploads\/2022\/01\/1-Beitragsbild-3.jpeg 2048w, https:\/\/maxsi.de\/wp-content\/uploads\/2022\/01\/1-Beitragsbild-3-300x300.jpeg 300w, https:\/\/maxsi.de\/wp-content\/uploads\/2022\/01\/1-Beitragsbild-3-1024x1024.jpeg 1024w, https:\/\/maxsi.de\/wp-content\/uploads\/2022\/01\/1-Beitragsbild-3-150x150.jpeg 150w, https:\/\/maxsi.de\/wp-content\/uploads\/2022\/01\/1-Beitragsbild-3-768x768.jpeg 768w, https:\/\/maxsi.de\/wp-content\/uploads\/2022\/01\/1-Beitragsbild-3-1536x1536.jpeg 1536w\" sizes=\"(max-width: 2048px) 100vw, 2048px\" \/><\/a>\t\t<\/div>\n\t\t\t\t\t\t\t\t<header class=\"wp-show-posts-entry-header\">\n\t\t\t\t\t\t\t<h4 class=\"wp-show-posts-entry-title\" itemprop=\"headline\"><a href=\"https:\/\/maxsi.de\/?p=2343\" rel=\"bookmark\">Funk-ZV nachr\u00fcsten<\/a><\/h4>\t\t\t\t\t\t<\/header><!-- .entry-header -->\n\t\t\t\t\t<\/div><!-- wp-show-posts-inner --><\/article><article class=\" wp-show-posts-single post-2339 post type-post status-publish format-standard has-post-thumbnail hentry category-vw-golf-4 category-vw-golf-4-nachgeruestet wpsp-col-4\" itemtype=\"http:\/\/schema.org\/CreativeWork\" itemscope><div class=\"wp-show-posts-inner\" style=\"\">\t\t<div class=\"wp-show-posts-image  wpsp-image-center \">\n\t\t\t<a href=\"https:\/\/maxsi.de\/?p=2339\"  title=\"Multifunktionslenkrad nachr\u00fcsten\"><img loading=\"lazy\" decoding=\"async\" width=\"679\" height=\"679\" src=\"https:\/\/maxsi.de\/wp-content\/uploads\/2022\/01\/1-Beitragsbild-1.jpeg\" class=\"attachment-full size-full wp-post-image\" alt=\"\" itemprop=\"image\" srcset=\"https:\/\/maxsi.de\/wp-content\/uploads\/2022\/01\/1-Beitragsbild-1.jpeg 679w, https:\/\/maxsi.de\/wp-content\/uploads\/2022\/01\/1-Beitragsbild-1-300x300.jpeg 300w, https:\/\/maxsi.de\/wp-content\/uploads\/2022\/01\/1-Beitragsbild-1-150x150.jpeg 150w\" sizes=\"(max-width: 679px) 100vw, 679px\" \/><\/a>\t\t<\/div>\n\t\t\t\t\t\t\t\t<header class=\"wp-show-posts-entry-header\">\n\t\t\t\t\t\t\t<h4 class=\"wp-show-posts-entry-title\" itemprop=\"headline\"><a href=\"https:\/\/maxsi.de\/?p=2339\" rel=\"bookmark\">Multifunktionslenkrad nachr\u00fcsten<\/a><\/h4>\t\t\t\t\t\t<\/header><!-- .entry-header -->\n\t\t\t\t\t<\/div><!-- wp-show-posts-inner --><\/article><article class=\" wp-show-posts-single post-2455 post type-post status-publish format-standard hentry category-led-umbau category-vw-golf-4 wpsp-col-4\" itemtype=\"http:\/\/schema.org\/CreativeWork\" itemscope><div class=\"wp-show-posts-inner\" style=\"\">\t\t\t\t\t\t<header class=\"wp-show-posts-entry-header\">\n\t\t\t\t\t\t\t<h4 class=\"wp-show-posts-entry-title\" itemprop=\"headline\"><a href=\"https:\/\/maxsi.de\/?p=2455\" rel=\"bookmark\">Golf 4 LED-Umbau<\/a><\/h4>\t\t\t\t\t\t<\/header><!-- .entry-header -->\n\t\t\t\t\t<\/div><!-- wp-show-posts-inner --><\/article><article class=\" wp-show-posts-single post-2540 post type-post status-publish format-standard has-post-thumbnail hentry category-vw-golf-4 category-vw-golf-4-nachgeruestet wpsp-col-4\" itemtype=\"http:\/\/schema.org\/CreativeWork\" itemscope><div class=\"wp-show-posts-inner\" style=\"\">\t\t<div class=\"wp-show-posts-image  wpsp-image-center \">\n\t\t\t<a href=\"https:\/\/maxsi.de\/?p=2540\"  title=\"W8 Innenraumleuchte nachr\u00fcsten\"><img loading=\"lazy\" decoding=\"async\" width=\"1903\" height=\"1903\" src=\"https:\/\/maxsi.de\/wp-content\/uploads\/2022\/03\/1-Beitragsbild.jpg\" class=\"attachment-full size-full wp-post-image\" alt=\"\" itemprop=\"image\" srcset=\"https:\/\/maxsi.de\/wp-content\/uploads\/2022\/03\/1-Beitragsbild.jpg 1903w, https:\/\/maxsi.de\/wp-content\/uploads\/2022\/03\/1-Beitragsbild-300x300.jpg 300w, https:\/\/maxsi.de\/wp-content\/uploads\/2022\/03\/1-Beitragsbild-1024x1024.jpg 1024w, https:\/\/maxsi.de\/wp-content\/uploads\/2022\/03\/1-Beitragsbild-150x150.jpg 150w, https:\/\/maxsi.de\/wp-content\/uploads\/2022\/03\/1-Beitragsbild-768x768.jpg 768w, https:\/\/maxsi.de\/wp-content\/uploads\/2022\/03\/1-Beitragsbild-1536x1536.jpg 1536w\" sizes=\"(max-width: 1903px) 100vw, 1903px\" \/><\/a>\t\t<\/div>\n\t\t\t\t\t\t\t\t<header class=\"wp-show-posts-entry-header\">\n\t\t\t\t\t\t\t<h4 class=\"wp-show-posts-entry-title\" itemprop=\"headline\"><a href=\"https:\/\/maxsi.de\/?p=2540\" rel=\"bookmark\">W8 Innenraumleuchte nachr\u00fcsten<\/a><\/h4>\t\t\t\t\t\t<\/header><!-- .entry-header -->\n\t\t\t\t\t<\/div><!-- wp-show-posts-inner --><\/article><article class=\" wp-show-posts-single post-1473 post type-post status-publish format-standard has-post-thumbnail hentry category-tacho-reperatur category-vw-golf-4 wpsp-col-4\" itemtype=\"http:\/\/schema.org\/CreativeWork\" itemscope><div class=\"wp-show-posts-inner\" style=\"\">\t\t<div class=\"wp-show-posts-image  wpsp-image-center \">\n\t\t\t<a href=\"https:\/\/maxsi.de\/?p=1473\"  title=\"Golf 4 Tacho Infos\"><img loading=\"lazy\" decoding=\"async\" width=\"2507\" height=\"2507\" src=\"https:\/\/maxsi.de\/wp-content\/uploads\/2021\/06\/1-Beitragsbild.jpg\" class=\"attachment-full size-full wp-post-image\" alt=\"\" itemprop=\"image\" srcset=\"https:\/\/maxsi.de\/wp-content\/uploads\/2021\/06\/1-Beitragsbild.jpg 2507w, https:\/\/maxsi.de\/wp-content\/uploads\/2021\/06\/1-Beitragsbild-300x300.jpg 300w, https:\/\/maxsi.de\/wp-content\/uploads\/2021\/06\/1-Beitragsbild-1024x1024.jpg 1024w, https:\/\/maxsi.de\/wp-content\/uploads\/2021\/06\/1-Beitragsbild-150x150.jpg 150w, https:\/\/maxsi.de\/wp-content\/uploads\/2021\/06\/1-Beitragsbild-768x768.jpg 768w, https:\/\/maxsi.de\/wp-content\/uploads\/2021\/06\/1-Beitragsbild-1536x1536.jpg 1536w, https:\/\/maxsi.de\/wp-content\/uploads\/2021\/06\/1-Beitragsbild-2048x2048.jpg 2048w\" sizes=\"(max-width: 2507px) 100vw, 2507px\" \/><\/a>\t\t<\/div>\n\t\t\t\t\t\t\t\t<header class=\"wp-show-posts-entry-header\">\n\t\t\t\t\t\t\t<h4 class=\"wp-show-posts-entry-title\" itemprop=\"headline\"><a href=\"https:\/\/maxsi.de\/?p=1473\" rel=\"bookmark\">Golf 4 Tacho Infos<\/a><\/h4>\t\t\t\t\t\t<\/header><!-- .entry-header -->\n\t\t\t\t\t<\/div><!-- wp-show-posts-inner --><\/article><div class=\"wpsp-clear\"><\/div><\/section><!-- .wp-show-posts -->\n<\/div>\n\t\t<\/div><\/div><\/div><\/div><\/div><\/div>","protected":false},"excerpt":{"rendered":"<p>Tempomat nachr\u00fcsten Nebelscheinwerfer nachr\u00fcsten Funk-ZV nachr\u00fcsten Multifunktionslenkrad nachr\u00fcsten Golf 4 LED-Umbau W8 Innenraumleuchte nachr\u00fcsten Golf 4 Tacho Infos<\/p>","protected":false},"author":2,"featured_media":0,"parent":0,"menu_order":0,"comment_status":"closed","ping_status":"closed","template":"","meta":{"footnotes":""},"_links":{"self":[{"href":"https:\/\/maxsi.de\/index.php?rest_route=\/wp\/v2\/pages\/1708"}],"collection":[{"href":"https:\/\/maxsi.de\/index.php?rest_route=\/wp\/v2\/pages"}],"about":[{"href":"https:\/\/maxsi.de\/index.php?rest_route=\/wp\/v2\/types\/page"}],"author":[{"embeddable":true,"href":"https:\/\/maxsi.de\/index.php?rest_route=\/wp\/v2\/users\/2"}],"replies":[{"embeddable":true,"href":"https:\/\/maxsi.de\/index.php?rest_route=%2Fwp%2Fv2%2Fcomments&post=1708"}],"version-history":[{"count":17,"href":"https:\/\/maxsi.de\/index.php?rest_route=\/wp\/v2\/pages\/1708\/revisions"}],"predecessor-version":[{"id":3095,"href":"https:\/\/maxsi.de\/index.php?rest_route=\/wp\/v2\/pages\/1708\/revisions\/3095"}],"wp:attachment":[{"href":"https:\/\/maxsi.de\/index.php?rest_route=%2Fwp%2Fv2%2Fmedia&parent=1708"}],"curies":[{"name":"wp","href":"https:\/\/api.w.org\/{rel}","templated":true}]}}