{"id":1379,"date":"2021-05-28T23:54:25","date_gmt":"2021-05-28T23:54:25","guid":{"rendered":"https:\/\/maxsi.de\/?page_id=1379"},"modified":"2023-06-01T08:45:51","modified_gmt":"2023-06-01T08:45:51","slug":"bmw-e36","status":"publish","type":"page","link":"https:\/\/maxsi.de\/?page_id=1379","title":{"rendered":"BMW E36"},"content":{"rendered":"<div id=\"pl-1379\"  class=\"panel-layout\" ><div id=\"pg-1379-0\"  class=\"panel-grid panel-has-style\" ><div style=\"padding: 1px 0; color: #000000;\" data-container=\"container-fluid\" data-hascolor=\"hascolor\" class=\"panel-row-style panel-row-style-for-1379-0\" ><div id=\"pgc-1379-0-0\"  class=\"panel-grid-cell\" ><div id=\"panel-1379-0-0-0\" class=\"so-panel widget widget_media_image panel-first-child\" data-index=\"0\" ><div class=\"justify-left panel-widget-style panel-widget-style-for-1379-0-0-0\" style=\"text-align: left;\" data-title-color=\"#000000\" ><img loading=\"lazy\" decoding=\"async\" width=\"1499\" height=\"586\" src=\"https:\/\/maxsi.de\/wp-content\/uploads\/2021\/05\/1-Titelbild.jpg\" class=\"image wp-image-1391  attachment-full size-full\" alt=\"\" style=\"max-width: 100%; height: auto;\" srcset=\"https:\/\/maxsi.de\/wp-content\/uploads\/2021\/05\/1-Titelbild.jpg 1499w, https:\/\/maxsi.de\/wp-content\/uploads\/2021\/05\/1-Titelbild-300x117.jpg 300w, https:\/\/maxsi.de\/wp-content\/uploads\/2021\/05\/1-Titelbild-1024x400.jpg 1024w, https:\/\/maxsi.de\/wp-content\/uploads\/2021\/05\/1-Titelbild-768x300.jpg 768w\" sizes=\"(max-width: 1499px) 100vw, 1499px\" \/><\/div><\/div><div id=\"panel-1379-0-0-1\" class=\"so-panel widget widget_text panel-last-child\" data-index=\"1\" ><div class=\"justify-left panel-widget-style panel-widget-style-for-1379-0-0-1\" style=\"text-align: left;\" data-title-color=\"#000000\" >\t\t\t<div class=\"textwidget\"><style>.wp-show-posts-columns#wpsp-2262 {margin-left: -2em; }.wp-show-posts-columns#wpsp-2262 .wp-show-posts-inner {margin: 0 0 2em 2em; }<\/style><section id=\"wpsp-2262\" class=\" wp-show-posts-columns wp-show-posts\" style=\"\"><article class=\" wp-show-posts-single post-1375 post type-post status-publish format-standard has-post-thumbnail hentry category-bmw-e36 category-bmw-e36-nachgeruestet wpsp-col-4\" itemtype=\"http:\/\/schema.org\/CreativeWork\" itemscope><div class=\"wp-show-posts-inner\" style=\"\">\t\t<div class=\"wp-show-posts-image  wpsp-image-center \">\n\t\t\t<a href=\"https:\/\/maxsi.de\/?p=1375\"  title=\"Ambientebeleuchtung nachr\u00fcsten\">\t\t\t\t\t<img decoding=\"async\" src=\"https:\/\/maxsi.de\/wp-content\/uploads\/2021\/05\/1-Beitragsbild-250x250.jpg\" alt=\"Ambientebeleuchtung nachr\u00fcsten\" itemprop=\"image\" class=\"center\" \/>\n\t\t\t\t<\/a>\t\t<\/div>\n\t\t\t\t\t\t\t\t<header class=\"wp-show-posts-entry-header\">\n\t\t\t\t\t\t\t<h5 class=\"wp-show-posts-entry-title\" itemprop=\"headline\"><a href=\"https:\/\/maxsi.de\/?p=1375\" rel=\"bookmark\">Ambientebeleuchtung nachr\u00fcsten<\/a><\/h5>\t\t\t\t\t\t<\/header><!-- .entry-header -->\n\t\t\t\t\t<\/div><!-- wp-show-posts-inner --><\/article><article class=\" wp-show-posts-single post-569 post type-post status-publish format-standard has-post-thumbnail hentry category-bmw-e36 category-bmw-e36-nachgeruestet wpsp-col-4\" itemtype=\"http:\/\/schema.org\/CreativeWork\" itemscope><div class=\"wp-show-posts-inner\" style=\"\">\t\t<div class=\"wp-show-posts-image  wpsp-image-center \">\n\t\t\t<a href=\"https:\/\/maxsi.de\/?p=569\"  title=\"Sitzheitzung nachr\u00fcsten\">\t\t\t\t\t<img decoding=\"async\" src=\"https:\/\/maxsi.de\/wp-content\/uploads\/2020\/03\/1-250x250.jpg\" alt=\"Sitzheitzung nachr\u00fcsten\" itemprop=\"image\" class=\"center\" \/>\n\t\t\t\t<\/a>\t\t<\/div>\n\t\t\t\t\t\t\t\t<header class=\"wp-show-posts-entry-header\">\n\t\t\t\t\t\t\t<h5 class=\"wp-show-posts-entry-title\" itemprop=\"headline\"><a href=\"https:\/\/maxsi.de\/?p=569\" rel=\"bookmark\">Sitzheitzung nachr\u00fcsten<\/a><\/h5>\t\t\t\t\t\t<\/header><!-- .entry-header -->\n\t\t\t\t\t<\/div><!-- wp-show-posts-inner --><\/article><article class=\" wp-show-posts-single post-1344 post type-post status-publish format-standard has-post-thumbnail hentry category-bmw-e36 category-bmw-e36-nachgeruestet wpsp-col-4\" itemtype=\"http:\/\/schema.org\/CreativeWork\" itemscope><div class=\"wp-show-posts-inner\" style=\"\">\t\t<div class=\"wp-show-posts-image  wpsp-image-center \">\n\t\t\t<a href=\"https:\/\/maxsi.de\/?p=1344\"  title=\"Bordcomputer gro\u00df nachr\u00fcsten\">\t\t\t\t\t<img decoding=\"async\" src=\"https:\/\/maxsi.de\/wp-content\/uploads\/2021\/05\/1-scaled-250x250.jpg\" alt=\"Bordcomputer gro\u00df nachr\u00fcsten\" itemprop=\"image\" class=\"center\" \/>\n\t\t\t\t<\/a>\t\t<\/div>\n\t\t\t\t\t\t\t\t<header class=\"wp-show-posts-entry-header\">\n\t\t\t\t\t\t\t<h5 class=\"wp-show-posts-entry-title\" itemprop=\"headline\"><a href=\"https:\/\/maxsi.de\/?p=1344\" rel=\"bookmark\">Bordcomputer gro\u00df nachr\u00fcsten<\/a><\/h5>\t\t\t\t\t\t<\/header><!-- .entry-header -->\n\t\t\t\t\t<\/div><!-- wp-show-posts-inner --><\/article><article class=\" wp-show-posts-single post-1224 post type-post status-publish format-standard has-post-thumbnail hentry category-bmw-e36 category-tacho-reperatur wpsp-col-4\" itemtype=\"http:\/\/schema.org\/CreativeWork\" itemscope><div class=\"wp-show-posts-inner\" style=\"\">\t\t<div class=\"wp-show-posts-image  wpsp-image-center \">\n\t\t\t<a href=\"https:\/\/maxsi.de\/?p=1224\"  title=\"E36 Tacho Reparatur\">\t\t\t\t\t<img decoding=\"async\" src=\"https:\/\/maxsi.de\/wp-content\/uploads\/2021\/03\/1-1-250x250.jpg\" alt=\"E36 Tacho Reparatur\" itemprop=\"image\" class=\"center\" \/>\n\t\t\t\t<\/a>\t\t<\/div>\n\t\t\t\t\t\t\t\t<header class=\"wp-show-posts-entry-header\">\n\t\t\t\t\t\t\t<h5 class=\"wp-show-posts-entry-title\" itemprop=\"headline\"><a href=\"https:\/\/maxsi.de\/?p=1224\" rel=\"bookmark\">E36 Tacho Reparatur<\/a><\/h5>\t\t\t\t\t\t<\/header><!-- .entry-header -->\n\t\t\t\t\t<\/div><!-- wp-show-posts-inner --><\/article><article class=\" wp-show-posts-single post-2281 post type-post status-publish format-standard has-post-thumbnail hentry category-bmw-e36 wpsp-col-4\" itemtype=\"http:\/\/schema.org\/CreativeWork\" itemscope><div class=\"wp-show-posts-inner\" style=\"\">\t\t<div class=\"wp-show-posts-image  wpsp-image-center \">\n\t\t\t<a href=\"https:\/\/maxsi.de\/?p=2281\"  title=\"E36 Kabelfarben\">\t\t\t\t\t<img decoding=\"async\" src=\"https:\/\/maxsi.de\/wp-content\/uploads\/2022\/01\/Beitragsbild-1-250x250.png\" alt=\"E36 Kabelfarben\" itemprop=\"image\" class=\"center\" \/>\n\t\t\t\t<\/a>\t\t<\/div>\n\t\t\t\t\t\t\t\t<header class=\"wp-show-posts-entry-header\">\n\t\t\t\t\t\t\t<h5 class=\"wp-show-posts-entry-title\" itemprop=\"headline\"><a href=\"https:\/\/maxsi.de\/?p=2281\" rel=\"bookmark\">E36 Kabelfarben<\/a><\/h5>\t\t\t\t\t\t<\/header><!-- .entry-header -->\n\t\t\t\t\t<\/div><!-- wp-show-posts-inner --><\/article><div class=\"wpsp-clear\"><\/div><\/section><!-- .wp-show-posts -->\n<\/div>\n\t\t<\/div><\/div><\/div><\/div><\/div><\/div>","protected":false},"excerpt":{"rendered":"<p>Ambientebeleuchtung nachr\u00fcsten Sitzheitzung nachr\u00fcsten Bordcomputer gro\u00df nachr\u00fcsten E36 Tacho Reparatur E36 Kabelfarben<\/p>","protected":false},"author":2,"featured_media":0,"parent":0,"menu_order":0,"comment_status":"closed","ping_status":"closed","template":"","meta":{"footnotes":""},"_links":{"self":[{"href":"https:\/\/maxsi.de\/index.php?rest_route=\/wp\/v2\/pages\/1379"}],"collection":[{"href":"https:\/\/maxsi.de\/index.php?rest_route=\/wp\/v2\/pages"}],"about":[{"href":"https:\/\/maxsi.de\/index.php?rest_route=\/wp\/v2\/types\/page"}],"author":[{"embeddable":true,"href":"https:\/\/maxsi.de\/index.php?rest_route=\/wp\/v2\/users\/2"}],"replies":[{"embeddable":true,"href":"https:\/\/maxsi.de\/index.php?rest_route=%2Fwp%2Fv2%2Fcomments&post=1379"}],"version-history":[{"count":29,"href":"https:\/\/maxsi.de\/index.php?rest_route=\/wp\/v2\/pages\/1379\/revisions"}],"predecessor-version":[{"id":3197,"href":"https:\/\/maxsi.de\/index.php?rest_route=\/wp\/v2\/pages\/1379\/revisions\/3197"}],"wp:attachment":[{"href":"https:\/\/maxsi.de\/index.php?rest_route=%2Fwp%2Fv2%2Fmedia&parent=1379"}],"curies":[{"name":"wp","href":"https:\/\/api.w.org\/{rel}","templated":true}]}}